{"id":3494,"date":"2015-02-25T13:24:21","date_gmt":"2015-02-25T13:24:21","guid":{"rendered":"https:\/\/ipura.ch\/?page_id=3494"},"modified":"2015-03-31T11:17:17","modified_gmt":"2015-03-31T11:17:17","slug":"home-de","status":"publish","type":"page","link":"https:\/\/ipura.ch\/de\/","title":{"rendered":"Home (DE)"},"content":{"rendered":"<div id='layer_slider_1'  class='avia-layerslider main_color avia-shadow  avia-builder-el-0  el_before_av_textblock  avia-builder-el-first  container_wrap sidebar_right'  style='height: 471px;'  ><\/div><div id='after_layer_slider_1'  class='main_color av_default_container_wrap container_wrap sidebar_right'  ><div class='container av-section-cont-open' ><div class='template-page content  av-content-small alpha units'><div class='post-entry post-entry-type-page post-entry-3494'><div class='entry-content-wrapper clearfix'>\n<section  class='av_textblock_section av-av_textblock-0366cc7376be6c9e82a3e9cc8987b64f '   itemscope=\"itemscope\" itemtype=\"https:\/\/schema.org\/CreativeWork\" ><div class='avia_textblock'  itemprop=\"text\" ><h1 style=\"text-align: center;\">Vertrieb f\u00fcr die Schweiz IPURA ILSA<\/h1>\n<h3 style=\"text-align: center;\">Verkauf und Installation des \u00f6kologischen Reinigungsger\u00e4tes IPURA<\/h3>\n<\/div><\/section>\n<div  class='hr av-av_hr-bad5bc90bcef2f12297bff634a297b07 hr-short  avia-builder-el-2  el_after_av_textblock  el_before_av_textblock  hr-center'><span class='hr-inner '><span class=\"hr-inner-style\"><\/span><\/span><\/div>\n<section  class='av_textblock_section av-av_textblock-0366cc7376be6c9e82a3e9cc8987b64f '   itemscope=\"itemscope\" itemtype=\"https:\/\/schema.org\/CreativeWork\" ><div class='avia_textblock'  itemprop=\"text\" ><h1 style=\"text-align: center;\">IPURA, die L\u00f6sung der Zukunft f\u00fcrs B\u00fcgeln<\/h1>\n<h3 style=\"text-align: center;\">Ab jetzt ist dieses Ger\u00e4t stromsparend, und f\u00fcr alle erschwinglich<\/h3>\n<\/div><\/section>\n<div  class='flex_column av-av_one_third-2a9015ff38129c418a3f2eafba3e9512 av_one_third  avia-builder-el-4  el_after_av_textblock  el_before_av_one_third  first flex_column_div  column-top-margin'     ><article  class='iconbox iconbox_top av-av_icon_box-8ed3e0934aa45430a8bd715039034446  avia-builder-el-5  avia-builder-el-no-sibling  main_color'  itemscope=\"itemscope\" itemtype=\"https:\/\/schema.org\/CreativeWork\" ><div class=\"iconbox_content\"><header class=\"entry-content-header\" aria-label=\"Icon: DIE AUFGABE DES BUEGELNS IST DIE REINIGUNG DER KLEIDER\"><div class=\"iconbox_icon heading-color\" aria-hidden='true' data-av_icon='\ue81c' data-av_iconfont='entypo-fontello'><\/div><h3 class='iconbox_content_title '  itemprop=\"headline\" >DIE AUFGABE DES BUEGELNS IST DIE REINIGUNG DER KLEIDER<\/h3><\/header><div class='iconbox_content_container '  itemprop=\"text\" ><h5><strong>Wer sagt, dass der KWL weniger gut reinigt als der PERCHLO ?<br \/>\n<\/strong><\/h5>\n<p style=\"text-align: justify;\">Wenn die Fettflecken mit einem Index von 30 gereinigt werden, wieso ein Reiniger mit dem Index von 90 brauchen ?<\/p>\n<\/div><\/div><footer class=\"entry-footer\"><\/footer><\/article><\/div>\n<div  class='flex_column av-av_one_third-1c47c10d9dd6b9bc0b68f292c1cf5942 av_one_third  avia-builder-el-6  el_after_av_one_third  el_before_av_one_third  flex_column_div  column-top-margin'     ><article  class='iconbox iconbox_top av-av_icon_box-8e46c2ce78dd76bef7a18af1f1993e7a  avia-builder-el-7  avia-builder-el-no-sibling  main_color'  itemscope=\"itemscope\" itemtype=\"https:\/\/schema.org\/CreativeWork\" ><div class=\"iconbox_content\"><header class=\"entry-content-header\" aria-label=\"Icon: IST DIE BENUTZUNG VON PERCHLORETHYLEN VERWERFLICH ?\"><div class=\"iconbox_icon heading-color\" aria-hidden='true' data-av_icon='\ue81e' data-av_iconfont='entypo-fontello'><\/div><h3 class='iconbox_content_title '  itemprop=\"headline\" >IST DIE BENUTZUNG VON PERCHLORETHYLEN VERWERFLICH ?<\/h3><\/header><div class='iconbox_content_container '  itemprop=\"text\" ><p>Ja, auf kurz oder lang<\/p>\n<p style=\"text-align: justify;\">Studien haben die Gef\u00e4hrlichkeit von Perchlo aufgedeckt und die Kunden haben Angst bekommen, ob zu Unrecht, ist fraglich.<\/p>\n<\/div><\/div><footer class=\"entry-footer\"><\/footer><\/article><\/div>\n<div  class='flex_column av-av_one_third-1c47c10d9dd6b9bc0b68f292c1cf5942 av_one_third  avia-builder-el-8  el_after_av_one_third  el_before_av_section  avia-builder-el-last  flex_column_div  column-top-margin'     ><article  class='iconbox iconbox_top av-av_icon_box-b4d270af29d23639627f564cc21bddb3  avia-builder-el-9  avia-builder-el-no-sibling  main_color'  itemscope=\"itemscope\" itemtype=\"https:\/\/schema.org\/CreativeWork\" ><div class=\"iconbox_content\"><header class=\"entry-content-header\" aria-label=\"Icon: IPURA DAS GERAET MIT MODERATEM VERBRAUCH ; AB JETZT FUER ALLE ZUGAENGLICH\"><div class=\"iconbox_icon heading-color\" aria-hidden='true' data-av_icon='\ue8b8' data-av_iconfont='entypo-fontello'><\/div><h3 class='iconbox_content_title '  itemprop=\"headline\" >IPURA DAS GERAET MIT MODERATEM VERBRAUCH ; AB JETZT FUER ALLE ZUGAENGLICH<\/h3><\/header><div class='iconbox_content_container '  itemprop=\"text\" ><p style=\"text-align: justify;\">IPURA ist Wettbewerbsf\u00e4hig gegen\u00fcber einem Ger\u00e4t mit Perchlo.<br \/>\nVorausschauende Eink\u00e4ufer sind besorgt, das Ger\u00e4t mit Umweltfreundlichen Material zu versorgen und sind dadurch finanziell nicht benachteiligt.<\/p>\n<\/div><\/div><footer class=\"entry-footer\"><\/footer><\/article><\/div>\n<\/div><\/div><\/div><!-- close content main div --><\/div><\/div><div id='av_section_1'  class='avia-section av-av_section-1cdc49a81361c2d5c607061de2705316 alternate_color avia-section-large avia-shadow  avia-builder-el-10  el_after_av_one_third  el_before_av_one_half  avia-bg-style-scroll container_wrap sidebar_right'  ><div class='container av-section-cont-open' ><div class='template-page content  av-content-small alpha units'><div class='post-entry post-entry-type-page post-entry-3494'><div class='entry-content-wrapper clearfix'>\n<div  class='flex_column av-av_one_half-2a9015ff38129c418a3f2eafba3e9512 av_one_half  avia-builder-el-11  el_before_av_one_half  avia-builder-el-first  first flex_column_div  '     ><p><section  class='av_textblock_section av-av_textblock-0366cc7376be6c9e82a3e9cc8987b64f '   itemscope=\"itemscope\" itemtype=\"https:\/\/schema.org\/CreativeWork\" ><div class='avia_textblock'  itemprop=\"text\" ><p><a href=\"https:\/\/ipura.ch\/wp-content\/uploads\/2013\/04\/Ipura-WetCleaning.jpg\"><img loading=\"lazy\" decoding=\"async\" class=\"alignnone wp-image-3238 size-full\" src=\"https:\/\/ipura.ch\/wp-content\/uploads\/2013\/04\/Ipura-WetCleaning.jpg\" alt=\"\" width=\"500\" height=\"445\" \/><\/a><\/p>\n<\/div><\/section><br \/>\n<div  class='hr av-av_hr-7036307108800bfe489471e1c9c1d5a1 hr-short  avia-builder-el-13  el_after_av_textblock  avia-builder-el-last  hr-right'><span class='hr-inner '><span class=\"hr-inner-style\"><\/span><\/span><\/div><\/p><\/div><div  class='flex_column av-av_one_half-1c47c10d9dd6b9bc0b68f292c1cf5942 av_one_half  avia-builder-el-14  el_after_av_one_half  avia-builder-el-last  flex_column_div  '     ><div  class='avia-icon-list-container av-av_iconlist-c9265973fe37925e1675fd541a8fb5d9  avia-builder-el-15  avia-builder-el-no-sibling '><ul class='avia-icon-list avia_animate_when_almost_visible avia-icon-list-left av-iconlist-big av-av_iconlist-c9265973fe37925e1675fd541a8fb5d9 avia-iconlist-animate'>\n<li><div class='iconlist_icon av-av_iconlist_item-8cad2473684edaabc30abe9170ce2b3f avia-font-entypo-fontello'><span class='iconlist-char' aria-hidden='true' data-av_icon='\ue812' data-av_iconfont='entypo-fontello'><\/span><\/div><article class=\"article-icon-entry \"  itemscope=\"itemscope\" itemtype=\"https:\/\/schema.org\/CreativeWork\" ><div class=\"iconlist_content_wrap\"><header class=\"entry-content-header\" aria-label=\"Icon: VERBESSERN SIE IHRE RESULTATE\"><h4 class='av_iconlist_title iconlist_title  '  itemprop=\"headline\" >VERBESSERN SIE IHRE RESULTATE<\/h4><\/header><div class='iconlist_content '  itemprop=\"text\" ><p>Der innovative Prozess der Reinigung (Brevetiertes System) ohne eintauchen und ohne auswringen der Kleider, dank einer Spezialtechnik, alternativ zu traditionellen Systemen.<br \/>\nDie Injektionstechnik &#8222;Jet Clean&#8220; garantiert eine Reinigung und respektiert vollumf\u00e4nglich die Brillanz der Materialien.<\/p>\n<\/div><\/div><footer class=\"entry-footer\"><\/footer><\/article><div class=\"iconlist-timeline\"><\/div><\/li>\n<li><div class='iconlist_icon av-av_iconlist_item-3b8c14b25085b164297397a694263710 avia-font-entypo-fontello'><span class='iconlist-char' aria-hidden='true' data-av_icon='' data-av_iconfont='entypo-fontello'><\/span><\/div><article class=\"article-icon-entry \"  itemscope=\"itemscope\" itemtype=\"https:\/\/schema.org\/CreativeWork\" ><div class=\"iconlist_content_wrap\"><header class=\"entry-content-header\" aria-label=\"Icon: VEREINFACHEN SIE DIE ARBEIT\"><h4 class='av_iconlist_title iconlist_title  '  itemprop=\"headline\" >VEREINFACHEN SIE DIE ARBEIT<\/h4><\/header><div class='iconlist_content '  itemprop=\"text\" ><p>Die niedrig Gehaltene Menge L\u00f6sungsmittel , n\u00f6tig f\u00fcr den Reinigungsprozess , vereinfacht den Verbrauch und die Nachf\u00fcllung. Durch das Weglassen des Auswringens entstehen keine Vibrationen am Boden.<br \/>\nEs braucht keine Verbindung zur Ventilation.<\/p>\n<\/div><\/div><footer class=\"entry-footer\"><\/footer><\/article><div class=\"iconlist-timeline\"><\/div><\/li>\n<li><div class='iconlist_icon av-av_iconlist_item-992fdb546bb9a61d6aabbb083fe92b6a avia-font-entypo-fontello'><span class='iconlist-char' aria-hidden='true' data-av_icon='' data-av_iconfont='entypo-fontello'><\/span><\/div><article class=\"article-icon-entry \"  itemscope=\"itemscope\" itemtype=\"https:\/\/schema.org\/CreativeWork\" ><div class=\"iconlist_content_wrap\"><header class=\"entry-content-header\" aria-label=\"Icon: SPAREN SIE KOSTEN\"><h4 class='av_iconlist_title iconlist_title  '  itemprop=\"headline\" >SPAREN SIE KOSTEN<\/h4><\/header><div class='iconlist_content '  itemprop=\"text\" ><p>Das Trocken mit einer geschlossener Verbindung einer W\u00e4rmepumpe wird ohne zus\u00e4tzlichem Ger\u00e4t durchgef\u00fchrt. Die Spezialtechnik der Trennung\/Filtrierung ersetzt ganz die Destillation und garantiert klare L\u00f6sungsmittel f\u00fcr jeden Durchlauf.<br \/>\nDank diesem System, h\u00e4lt der Filter sehr lang, bis zu plus \/ minus 700 Durchl\u00e4ufen. Der Wasser- und Energieverbrauch und der Strom wird drastisch eingeschr\u00e4nkt. Es gibt keinen Dampfausstoss dank einer Energetischer Absaugung<\/p>\n<\/div><\/div><footer class=\"entry-footer\"><\/footer><\/article><div class=\"iconlist-timeline\"><\/div><\/li>\n<\/ul><\/div><\/div>\n<\/div><\/div><\/div><!-- close content main div --><\/div><\/div><div id='after_section_1'  class='main_color av_default_container_wrap container_wrap sidebar_right'  ><div class='container av-section-cont-open' ><div class='template-page content  av-content-small alpha units'><div class='post-entry post-entry-type-page post-entry-3494'><div class='entry-content-wrapper clearfix'>\n<div  class='flex_column av-av_one_half-2a9015ff38129c418a3f2eafba3e9512 av_one_half  avia-builder-el-16  el_after_av_section  el_before_av_one_half  avia-builder-el-first  first flex_column_div  '     ><div  class='avia-slideshow av-av_slideshow-2211f66ec0ad5d5cd162a05448e36201 avia-slideshow-featured av_slideshow avia-slide-slider  avia-builder-el-17  avia-builder-el-no-sibling  av-slideshow-ui av-slideshow-manual av-loop-once av-loop-manual-endless av-default-height-applied avia-slideshow-1' data-slideshow-options=\"{&quot;animation&quot;:&quot;slide&quot;,&quot;autoplay&quot;:false,&quot;loop_autoplay&quot;:&quot;once&quot;,&quot;interval&quot;:5,&quot;loop_manual&quot;:&quot;manual-endless&quot;,&quot;autoplay_stopper&quot;:false,&quot;noNavigation&quot;:false,&quot;bg_slider&quot;:false,&quot;keep_padding&quot;:false,&quot;hoverpause&quot;:false,&quot;show_slide_delay&quot;:0}\"  itemprop=\"image\" itemscope=\"itemscope\" itemtype=\"https:\/\/schema.org\/ImageObject\" ><ul class='avia-slideshow-inner ' style='padding-bottom: 28.666666666667%;'><li  data-controls='aviaTBaviaTBvideo_controls' data-mute='' data-loop='' data-disable-autoplay='aviaTBaviaTBvideo_autoplay'  data-video-ratio='1.7777777777778' class='avia-slideshow-slide av-av_slideshow-2211f66ec0ad5d5cd162a05448e36201__0  av-video-slide  av-video-service-youtube  av-hide-video-controls av-mobile-fallback-image  av-single-slide slide-1 slide-odd'><div data-rel='slideshow-1' class='avia-slide-wrap '   ><div class='av-click-overlay'><\/div><div class='mejs-mediaelement'  itemprop=\"video\" itemtype=\"https:\/\/schema.org\/VideoObject\" ><div height='1600' width='900' class='av_youtube_frame' id='player_3494_1612757178_1819789627'  data-autoplay='0'  data-videoid='dwu737wMfHk'  data-hd='1'  data-rel='0'  data-wmode='opaque'  data-loop='0'  data-version='3'  data-autohide='1'  data-color='white'  data-controls='0'  data-iv_load_policy='3'  data-original_url='https:\/\/www.youtube.com\/watch?v=dwu737wMfHk' ><\/div><\/div><div class=\"av-click-to-play-overlay\"><div class=\"avia_playpause_icon\"><\/div><\/div><\/div><\/li><\/ul><\/div><\/div>\n<div  class='flex_column av-av_one_half-1c47c10d9dd6b9bc0b68f292c1cf5942 av_one_half  avia-builder-el-18  el_after_av_one_half  avia-builder-el-last  flex_column_div  '     ><div  class='avia-slideshow av-av_slideshow-2211f66ec0ad5d5cd162a05448e36201 avia-slideshow-featured av_slideshow avia-slide-slider  avia-builder-el-19  avia-builder-el-no-sibling  av-slideshow-ui av-slideshow-manual av-loop-once av-loop-manual-endless av-default-height-applied avia-slideshow-2' data-slideshow-options=\"{&quot;animation&quot;:&quot;slide&quot;,&quot;autoplay&quot;:false,&quot;loop_autoplay&quot;:&quot;once&quot;,&quot;interval&quot;:5,&quot;loop_manual&quot;:&quot;manual-endless&quot;,&quot;autoplay_stopper&quot;:false,&quot;noNavigation&quot;:false,&quot;bg_slider&quot;:false,&quot;keep_padding&quot;:false,&quot;hoverpause&quot;:false,&quot;show_slide_delay&quot;:0}\"  itemprop=\"image\" itemscope=\"itemscope\" itemtype=\"https:\/\/schema.org\/ImageObject\" ><ul class='avia-slideshow-inner ' style='padding-bottom: 28.666666666667%;'><li  data-controls='aviaTBaviaTBvideo_controls' data-mute='' data-loop='' data-disable-autoplay='aviaTBaviaTBvideo_autoplay'  data-video-ratio='1.7777777777778' class='avia-slideshow-slide av-av_slideshow-2211f66ec0ad5d5cd162a05448e36201__0  av-video-slide  av-video-service-youtube  av-hide-video-controls av-mobile-fallback-image  av-single-slide slide-1 slide-odd'><div data-rel='slideshow-2' class='avia-slide-wrap '   ><div class='av-click-overlay'><\/div><div class='mejs-mediaelement'  itemprop=\"video\" itemtype=\"https:\/\/schema.org\/VideoObject\" ><div height='1600' width='900' class='av_youtube_frame' id='player_3494_77270823_971591782'  data-autoplay='0'  data-videoid='dwu737wMfHk'  data-hd='1'  data-rel='0'  data-wmode='opaque'  data-loop='0'  data-version='3'  data-autohide='1'  data-color='white'  data-controls='0'  data-iv_load_policy='3'  data-original_url='https:\/\/www.youtube.com\/watch?v=dwu737wMfHk' ><\/div><\/div><div class=\"av-click-to-play-overlay\"><div class=\"avia_playpause_icon\"><\/div><\/div><\/div><\/li><\/ul><\/div><\/div>\n","protected":false},"excerpt":{"rendered":"<p>This is a Page excerpt. It will be displayed for search results<\/p>\n","protected":false},"author":2,"featured_media":0,"parent":0,"menu_order":0,"comment_status":"open","ping_status":"open","template":"","meta":{"footnotes":""},"class_list":["post-3494","page","type-page","status-publish","hentry"],"_links":{"self":[{"href":"https:\/\/ipura.ch\/de\/wp-json\/wp\/v2\/pages\/3494","targetHints":{"allow":["GET"]}}],"collection":[{"href":"https:\/\/ipura.ch\/de\/wp-json\/wp\/v2\/pages"}],"about":[{"href":"https:\/\/ipura.ch\/de\/wp-json\/wp\/v2\/types\/page"}],"author":[{"embeddable":true,"href":"https:\/\/ipura.ch\/de\/wp-json\/wp\/v2\/users\/2"}],"replies":[{"embeddable":true,"href":"https:\/\/ipura.ch\/de\/wp-json\/wp\/v2\/comments?post=3494"}],"version-history":[{"count":1,"href":"https:\/\/ipura.ch\/de\/wp-json\/wp\/v2\/pages\/3494\/revisions"}],"predecessor-version":[{"id":3588,"href":"https:\/\/ipura.ch\/de\/wp-json\/wp\/v2\/pages\/3494\/revisions\/3588"}],"wp:attachment":[{"href":"https:\/\/ipura.ch\/de\/wp-json\/wp\/v2\/media?parent=3494"}],"curies":[{"name":"wp","href":"https:\/\/api.w.org\/{rel}","templated":true}]}}